{"id":222,"date":"2020-08-23T05:04:22","date_gmt":"2020-08-23T05:04:22","guid":{"rendered":"https:\/\/bizbergthemes.com\/business-event\/?page_id=222"},"modified":"2022-10-17T15:24:05","modified_gmt":"2022-10-17T15:24:05","slug":"despre-noi","status":"publish","type":"page","link":"https:\/\/deshub.happycities.org\/index.php\/despre-noi\/","title":{"rendered":"Despre noi"},"content":{"rendered":"\n<figure class=\"wp-block-image size-large\"><img fetchpriority=\"high\" decoding=\"async\" width=\"1024\" height=\"465\" src=\"https:\/\/deshub.happycities.org\/wp-content\/uploads\/2022\/09\/WhatsApp-Image-2022-09-20-at-10.02.52-PM-1024x465.jpeg\" alt=\"\" class=\"wp-image-321\" srcset=\"https:\/\/deshub.happycities.org\/wp-content\/uploads\/2022\/09\/WhatsApp-Image-2022-09-20-at-10.02.52-PM-1024x465.jpeg 1024w, https:\/\/deshub.happycities.org\/wp-content\/uploads\/2022\/09\/WhatsApp-Image-2022-09-20-at-10.02.52-PM-300x136.jpeg 300w, https:\/\/deshub.happycities.org\/wp-content\/uploads\/2022\/09\/WhatsApp-Image-2022-09-20-at-10.02.52-PM-768x348.jpeg 768w, https:\/\/deshub.happycities.org\/wp-content\/uploads\/2022\/09\/WhatsApp-Image-2022-09-20-at-10.02.52-PM-1536x697.jpeg 1536w, https:\/\/deshub.happycities.org\/wp-content\/uploads\/2022\/09\/WhatsApp-Image-2022-09-20-at-10.02.52-PM.jpeg 1600w\" sizes=\"(max-width: 1024px) 100vw, 1024px\" \/><\/figure>\n\n\n\n<h2 class=\"wp-block-heading\"><strong>Punem \u00een leg\u0103tur\u0103 date, oameni, idei \u0219i solu\u021bii <\/strong><\/h2>\n\n\n\n<p>La H.appyCities milit\u0103m pentru folosirea acestor resurse adesea ignorate pun\u00e2nd la dispozi\u021bie unelte digitale pentru a folosi aceast\u0103 inteligen\u021b\u0103 colectiv\u0103 \u0219i poten\u021bial de inovare pentru a g\u0103si colaborativ solu\u021bii pentru problemele curente.<\/p>\n\n\n\n<p><strong>Date \u2013 \u00cencredere \u2013 Oameni<\/strong><\/p>\n\n\n\n<p>Scopul Asocia\u021biei \u00eel constituie cre\u0219terea calit\u0103\u021bii vie\u021bii comunit\u0103\u021bilor prin colaborare \u0219i transformare digital\u0103 pe trei direc\u021bii: dezvoltare, facilitare \u0219i transfer de cuno\u0219tin\u021be.<\/p>\n\n\n\n<p>Mai multe despre activitatea noastr\u0103 \u0219i proiectele pe care le desf\u0103\u0219ur\u0103m po\u021bi afla vizit\u00e2nd site-ul Asocia\u021biei H.appyCities <a href=\"https:\/\/happycities.org\" target=\"_blank\" rel=\"noopener\">aici<\/a><\/p>\n","protected":false},"excerpt":{"rendered":"<p>Punem \u00een leg\u0103tur\u0103 date, oameni, idei \u0219i solu\u021bii La H.appyCities milit\u0103m pentru folosirea acestor resurse adesea ignorate pun\u00e2nd la dispozi\u021bie unelte digitale pentru a folosi aceast\u0103 inteligen\u021b\u0103 colectiv\u0103 \u0219i poten\u021bial de inovare pentru a g\u0103si colaborativ solu\u021bii pentru problemele curente. Date \u2013 \u00cencredere \u2013 Oameni Scopul Asocia\u021biei \u00eel constituie cre\u0219terea calit\u0103\u021bii vie\u021bii comunit\u0103\u021bilor prin colaborare \u0219i transformare digital\u0103 pe trei&#8230;<\/p>\n","protected":false},"author":1,"featured_media":361,"parent":0,"menu_order":0,"comment_status":"closed","ping_status":"closed","template":"page-templates\/full-width-container.php","meta":{"om_disable_all_campaigns":false,"_monsterinsights_skip_tracking":false,"_monsterinsights_sitenote_active":false,"_monsterinsights_sitenote_note":"","_monsterinsights_sitenote_category":0,"footnotes":""},"class_list":["post-222","page","type-page","status-publish","has-post-thumbnail","hentry"],"aioseo_notices":[],"_links":{"self":[{"href":"https:\/\/deshub.happycities.org\/index.php\/wp-json\/wp\/v2\/pages\/222","targetHints":{"allow":["GET"]}}],"collection":[{"href":"https:\/\/deshub.happycities.org\/index.php\/wp-json\/wp\/v2\/pages"}],"about":[{"href":"https:\/\/deshub.happycities.org\/index.php\/wp-json\/wp\/v2\/types\/page"}],"author":[{"embeddable":true,"href":"https:\/\/deshub.happycities.org\/index.php\/wp-json\/wp\/v2\/users\/1"}],"replies":[{"embeddable":true,"href":"https:\/\/deshub.happycities.org\/index.php\/wp-json\/wp\/v2\/comments?post=222"}],"version-history":[{"count":5,"href":"https:\/\/deshub.happycities.org\/index.php\/wp-json\/wp\/v2\/pages\/222\/revisions"}],"predecessor-version":[{"id":378,"href":"https:\/\/deshub.happycities.org\/index.php\/wp-json\/wp\/v2\/pages\/222\/revisions\/378"}],"wp:featuredmedia":[{"embeddable":true,"href":"https:\/\/deshub.happycities.org\/index.php\/wp-json\/wp\/v2\/media\/361"}],"wp:attachment":[{"href":"https:\/\/deshub.happycities.org\/index.php\/wp-json\/wp\/v2\/media?parent=222"}],"curies":[{"name":"wp","href":"https:\/\/api.w.org\/{rel}","templated":true}]}}